{"id":12307,"date":"2021-04-08T16:43:17","date_gmt":"2021-04-08T14:43:17","guid":{"rendered":"https:\/\/www.botek.de\/?page_id=12307"},"modified":"2024-11-18T11:16:29","modified_gmt":"2024-11-18T10:16:29","slug":"sustainability","status":"publish","type":"page","link":"https:\/\/dev.botek.de\/fr\/entreprise\/sustainability\/","title":{"rendered":"Durabilit\u00e9"},"content":{"rendered":"<div class=\"fusion-fullwidth fullwidth-box fusion-builder-row-1 nonhundred-percent-fullwidth non-hundred-percent-height-scrolling\" style=\"--awb-border-radius-top-left:0px;--awb-border-radius-top-right:0px;--awb-border-radius-bottom-right:0px;--awb-border-radius-bottom-left:0px;--awb-flex-wrap:wrap;\" ><div class=\"fusion-builder-row fusion-row\"><div class=\"fusion-layout-column fusion_builder_column fusion-builder-column-0 fusion_builder_column_1_4 1_4 fusion-one-fourth fusion-column-first sustainability-buttons\" style=\"--awb-bg-size:cover;width:25%;width:calc(25% - ( ( 4% ) * 0.25 ) );margin-right: 4%;\"><div class=\"fusion-column-wrapper fusion-column-has-shadow fusion-flex-column-wrapper-legacy\"><div class=\"fusion-title title fusion-title-1 fusion-sep-none fusion-title-text fusion-title-size-one\" style=\"--awb-margin-top-small:0px;--awb-margin-right-small:0px;--awb-margin-bottom-small:20px;--awb-margin-left-small:0px;\"><h1 class=\"fusion-title-heading title-heading-left fusion-responsive-typography-calculated\" style=\"margin:0;--fontSize:36;line-height:1.4;\"><strong>\u00a0<\/strong><\/h1><\/div><div class=\"fusion-button-wrapper\"><a class=\"fusion-button button-flat fusion-button-default-size button-default fusion-button-default button-1 fusion-button-default-span fusion-button-default-type\" style=\"--button_text_transform:none;\" target=\"_blank\" rel=\"noopener noreferrer\" href=\"https:\/\/dev.botek.de\/downloads\/en\/STATEMENT_REACH_EN.pdf\"><i class=\"fa-file-pdf fas awb-button__icon awb-button__icon--default button-icon-left\" aria-hidden=\"true\"><\/i><span class=\"fusion-button-text awb-button__text awb-button__text--default\">REACH Statement<\/span><\/a><\/div><div class=\"fusion-button-wrapper\"><a class=\"fusion-button button-flat fusion-button-default-size button-default fusion-button-default button-2 fusion-button-default-span fusion-button-default-type\" style=\"--button_text_transform:none;\" target=\"_blank\" rel=\"noopener noreferrer\" href=\"https:\/\/dev.botek.de\/wp-content\/uploads\/2021\/04\/STATEMENT_ROHS_2021_04_12.pdf\"><i class=\"fa-file-pdf fas awb-button__icon awb-button__icon--default button-icon-left\" aria-hidden=\"true\"><\/i><span class=\"fusion-button-text awb-button__text awb-button__text--default\">RoHS Statement<\/span><\/a><\/div><div class=\"fusion-button-wrapper\"><a class=\"fusion-button button-flat fusion-button-default-size button-default fusion-button-default button-3 fusion-button-default-span fusion-button-default-type\" style=\"--button_text_transform:none;\" target=\"_blank\" rel=\"noopener noreferrer\" href=\"https:\/\/dev.botek.de\/downloads\/en\/Conflict_Minerals_Statement.pdf\"><i class=\"fa-file-pdf fas awb-button__icon awb-button__icon--default button-icon-left\" aria-hidden=\"true\"><\/i><span class=\"fusion-button-text awb-button__text awb-button__text--default\">Conflict Minerals Statement<\/span><\/a><\/div><div class=\"fusion-button-wrapper\"><a class=\"fusion-button button-flat fusion-button-default-size button-default fusion-button-default button-4 fusion-button-default-span fusion-button-default-type\" style=\"--button_text_transform:none;\" target=\"_blank\" rel=\"noopener noreferrer\" href=\"https:\/\/dev.botek.de\/downloads\/en\/STELLUNGNAHME_STAHLIMPORTE_ENGLISCH.pdf\"><i class=\"fa-file-pdf fas awb-button__icon awb-button__icon--default button-icon-left\" aria-hidden=\"true\"><\/i><span class=\"fusion-button-text awb-button__text awb-button__text--default\">Statement Steel &amp; Iron Import <\/span><\/a><\/div><div class=\"fusion-button-wrapper\"><a class=\"fusion-button button-flat fusion-button-default-size button-default fusion-button-default button-5 fusion-button-default-span fusion-button-default-type\" style=\"--button_text_transform:none;\" target=\"_blank\" rel=\"noopener noreferrer\" href=\"https:\/\/dev.botek.de\/downloads\/en\/Zertifikat_ISO_14001_EN.pdf\"><i class=\"fa-file-pdf fas awb-button__icon awb-button__icon--default button-icon-left\" aria-hidden=\"true\"><\/i><span class=\"fusion-button-text awb-button__text awb-button__text--default\">Environment ISO 14001<\/span><\/a><\/div><div class=\"fusion-button-wrapper\"><a class=\"fusion-button button-flat fusion-button-default-size button-default fusion-button-default button-6 fusion-button-default-span fusion-button-default-type\" style=\"--button_text_transform:none;\" target=\"_blank\" rel=\"noopener noreferrer\" href=\"https:\/\/dev.botek.de\/downloads\/fr\/Zertifikat_ISO_9001_FR.pdf\"><i class=\"fa-file-pdf fas awb-button__icon awb-button__icon--default button-icon-left\" aria-hidden=\"true\"><\/i><span class=\"fusion-button-text awb-button__text awb-button__text--default\">Quality ISO 9001<\/span><\/a><\/div><div class=\"fusion-clearfix\"><\/div><\/div><\/div><div class=\"fusion-layout-column fusion_builder_column fusion-builder-column-1 fusion_builder_column_3_4 3_4 fusion-three-fourth fusion-column-last\" style=\"--awb-bg-size:cover;width:75%;width:calc(75% - ( ( 4% ) * 0.75 ) );\"><div class=\"fusion-column-wrapper fusion-column-has-shadow fusion-flex-column-wrapper-legacy\"><div class=\"fusion-title title fusion-title-2 fusion-sep-none fusion-title-text fusion-title-size-one\" style=\"--awb-margin-top-small:0px;--awb-margin-right-small:0px;--awb-margin-bottom-small:20px;--awb-margin-left-small:0px;\"><h1 class=\"fusion-title-heading title-heading-left fusion-responsive-typography-calculated\" style=\"margin:0;--fontSize:36;line-height:1.4;\"><strong>Durabilit\u00e9<\/strong><\/h1><\/div><div class=\"fusion-text fusion-text-1\" style=\"--awb-font-size:18px;\"><p>Chez botek, nous nous effor\u00e7ons de contribuer activement \u00e0 la protection de l&#8217;environnement. Accro\u00eetre la durabilit\u00e9 de votre propre entreprise est un processus constant et responsable qui m\u00e8ne \u00e0 une am\u00e9lioration continue.<\/p>\n<div class=\"fusion-image-element fusion-image-align-right in-legacy-container\" style=\"text-align:right;--awb-caption-title-font-family:var(--h2_typography-font-family);--awb-caption-title-font-weight:var(--h2_typography-font-weight);--awb-caption-title-font-style:var(--h2_typography-font-style);--awb-caption-title-size:var(--h2_typography-font-size);--awb-caption-title-transform:var(--h2_typography-text-transform);--awb-caption-title-line-height:var(--h2_typography-line-height);--awb-caption-title-letter-spacing:var(--h2_typography-letter-spacing);\"><span class=\" fusion-imageframe imageframe-none imageframe-1 hover-type-none\" style=\"margin-left:25px;float:right;\"><img loading=\"lazy\" decoding=\"async\" width=\"373\" height=\"373\" title=\"PIC_NACHHALTIGKEIT_2021_05_25\" src=\"https:\/\/dev.botek.de\/wp-content\/uploads\/2021\/05\/PIC_NACHHALTIGKEIT_2021_05_25-2.png\" alt class=\"img-responsive wp-image-12347\" srcset=\"https:\/\/dev.botek.de\/wp-content\/uploads\/2021\/05\/PIC_NACHHALTIGKEIT_2021_05_25-2-200x200.png 200w, https:\/\/dev.botek.de\/wp-content\/uploads\/2021\/05\/PIC_NACHHALTIGKEIT_2021_05_25-2.png 373w\" sizes=\"auto, (max-width: 1023px) 100vw, 373px\" \/><\/span><\/div>\n<p>L&#8217;utilisation durable des ressources et des moyens de production est pour nous une \u00e9vidence. Nous promouvons activement la sensibilisation \u00e0 l&#8217;environnement de nos employ\u00e9s dans l&#8217;entreprise par la formation et la formation continue. Des informations compl\u00e8tes et des instructions claires permettent \u00e0 tous les employ\u00e9s de botek d&#8217;agir de mani\u00e8re soucieuse de la qualit\u00e9 et de l&#8217;environnement.<\/p>\n<p>botek int\u00e8gre avec succ\u00e8s la protection de l&#8217;environnement dans tous les domaines et processus : notre syst\u00e8me de gestion de l&#8217;environnement est certifi\u00e9 selon la norme ISO 14001 depuis 2020.<\/p>\n<p>Afin de maintenir notre empreinte \u00e9cologique la plus faible possible, nous n&#8217;utilisons que de l&#8217;\u00e9lectricit\u00e9 produite de mani\u00e8re durable depuis le 1er janvier 2020. Nous utilisons \u00e9galement la r\u00e9cup\u00e9ration de chaleur pour augmenter notre potentiel d&#8217;\u00e9conomies.<\/p>\n<p>Avec tous les fournisseurs et sous-traitants, nous misons autant que possible sur des offres respectueuses de l&#8217;environnement.<\/p>\n<div id=\"gtx-trans\" style=\"position: absolute; left: -63px; top: 526px;\">\n<div class=\"gtx-trans-icon\"><\/div>\n<\/div>\n<\/div><div class=\"fusion-clearfix\"><\/div><\/div><\/div><\/div><\/div>\n","protected":false},"excerpt":{"rendered":"","protected":false},"author":1,"featured_media":0,"parent":823,"menu_order":0,"comment_status":"closed","ping_status":"closed","template":"","meta":{"footnotes":""},"class_list":["post-12307","page","type-page","status-publish","hentry"],"_links":{"self":[{"href":"https:\/\/dev.botek.de\/fr\/wp-json\/wp\/v2\/pages\/12307","targetHints":{"allow":["GET"]}}],"collection":[{"href":"https:\/\/dev.botek.de\/fr\/wp-json\/wp\/v2\/pages"}],"about":[{"href":"https:\/\/dev.botek.de\/fr\/wp-json\/wp\/v2\/types\/page"}],"author":[{"embeddable":true,"href":"https:\/\/dev.botek.de\/fr\/wp-json\/wp\/v2\/users\/1"}],"replies":[{"embeddable":true,"href":"https:\/\/dev.botek.de\/fr\/wp-json\/wp\/v2\/comments?post=12307"}],"version-history":[{"count":3,"href":"https:\/\/dev.botek.de\/fr\/wp-json\/wp\/v2\/pages\/12307\/revisions"}],"predecessor-version":[{"id":27345,"href":"https:\/\/dev.botek.de\/fr\/wp-json\/wp\/v2\/pages\/12307\/revisions\/27345"}],"up":[{"embeddable":true,"href":"https:\/\/dev.botek.de\/fr\/wp-json\/wp\/v2\/pages\/823"}],"wp:attachment":[{"href":"https:\/\/dev.botek.de\/fr\/wp-json\/wp\/v2\/media?parent=12307"}],"curies":[{"name":"wp","href":"https:\/\/api.w.org\/{rel}","templated":true}]}}